{"id":34,"date":"2018-05-13T10:18:48","date_gmt":"2018-05-13T10:18:48","guid":{"rendered":"https:\/\/www.zaskolit.cz\/?page_id=34"},"modified":"2025-06-17T15:58:29","modified_gmt":"2025-06-17T13:58:29","slug":"kontakt","status":"publish","type":"page","link":"https:\/\/www.digitalnisebeobrana.cz\/en\/kontakt\/","title":{"rendered":"Contact"},"content":{"rendered":"<div class=\"wpforms-container wpforms-container-full\" id=\"wpforms-1559\"><form id=\"wpforms-form-1559\" class=\"wpforms-validate wpforms-form\" data-formid=\"1559\" method=\"post\" enctype=\"multipart\/form-data\" action=\"\/en\/wp-json\/wp\/v2\/pages\/34\" data-token=\"372d7d56aa68c9e38c125c31735ee381\" data-token-time=\"1777809619\"><noscript class=\"wpforms-error-noscript\">Please enable JavaScript in your browser to complete this form.<\/noscript><div class=\"wpforms-field-container\"><div id=\"wpforms-1559-field_1-container\" class=\"wpforms-field wpforms-field-email\" data-field-id=\"1\"><label class=\"wpforms-field-label\" for=\"wpforms-1559-field_1\">E-mail <span class=\"wpforms-required-label\">*<\/span><\/label><input type=\"email\" id=\"wpforms-1559-field_1\" class=\"wpforms-field-medium wpforms-field-required\" name=\"wpforms[fields][1]\" spellcheck=\"false\" required><\/div><div id=\"wpforms-1559-field_4-container\" class=\"wpforms-field wpforms-field-select wpforms-field-select-style-classic\" data-field-id=\"4\"><label class=\"wpforms-field-label\" for=\"wpforms-1559-field_4\">P\u0159edm\u011bt \/ Subject<\/label><select id=\"wpforms-1559-field_4\" class=\"wpforms-field-small\" name=\"wpforms[fields][4]\"><option value=\"Osobn\u00ed konzultace \/ Personal Consultation\"  class=\"choice-1 depth-1\"  >Osobn\u00ed konzultace \/ Personal Consultation<\/option><option value=\"Firemn\u00ed \u0161kolen\u00ed \/ Company Training\"  class=\"choice-2 depth-1\"  >Firemn\u00ed \u0161kolen\u00ed \/ Company Training<\/option><option value=\"Audit\"  class=\"choice-3 depth-1\"  >Audit<\/option><option value=\"Jin\u00e9 \/ Other\"  class=\"choice-4 depth-1\"  >Jin\u00e9 \/ Other<\/option><\/select><\/div><div id=\"wpforms-1559-field_2-container\" class=\"wpforms-field wpforms-field-textarea\" data-field-id=\"2\"><label class=\"wpforms-field-label\" for=\"wpforms-1559-field_2\">Zpr\u00e1va \/ Message <span class=\"wpforms-required-label\">*<\/span><\/label><textarea id=\"wpforms-1559-field_2\" class=\"wpforms-field-medium wpforms-field-required\" name=\"wpforms[fields][2]\" required><\/textarea><\/div><\/div><!-- .wpforms-field-container --><div class=\"wpforms-recaptcha-container wpforms-is-hcaptcha\" >\t\t<input\n\t\t\t\ttype=\"hidden\"\n\t\t\t\tclass=\"hcaptcha-widget-id\"\n\t\t\t\tname=\"hcaptcha-widget-id\"\n\t\t\t\tvalue=\"eyJzb3VyY2UiOlsid3Bmb3Jtc1wvd3Bmb3Jtcy5waHAiLCJ3cGZvcm1zLWxpdGVcL3dwZm9ybXMucGhwIl0sImZvcm1faWQiOjE1NTl9-bed895fa7b0388ffc7a12a2170aba561\">\n\t\t\t\t<h-captcha\n\t\t\tclass=\"h-captcha\"\n\t\t\tdata-sitekey=\"0c272f80-1cfe-48f1-82cd-dc04e6a61f7a\"\n\t\t\tdata-theme=\"light\"\n\t\t\tdata-size=\"normal\"\n\t\t\tdata-auto=\"false\"\n\t\t\tdata-ajax=\"false\"\n\t\t\tdata-force=\"true\">\n\t\t<\/h-captcha>\n\t\t<input type=\"hidden\" id=\"hcaptcha_wpforms_nonce\" name=\"hcaptcha_wpforms_nonce\" value=\"e28b94deab\" \/><input type=\"hidden\" name=\"_wp_http_referer\" value=\"\/en\/wp-json\/wp\/v2\/pages\/34\" \/><\/div><div class=\"wpforms-submit-container\" ><input type=\"hidden\" name=\"wpforms[id]\" value=\"1559\"><input type=\"hidden\" name=\"page_title\" value=\"\"><input type=\"hidden\" name=\"page_url\" value=\"https:\/\/www.digitalnisebeobrana.cz\/en\/wp-json\/wp\/v2\/pages\/34\"><input type=\"hidden\" name=\"url_referer\" value=\"\"><button type=\"submit\" name=\"wpforms[submit]\" id=\"wpforms-submit-1559\" class=\"wpforms-submit\" data-alt-text=\"Odes\u00edl\u00e1ni...\" data-submit-text=\"Odeslat\/Send\" aria-live=\"assertive\" value=\"wpforms-submit\">Odeslat\/Send<\/button><\/div><\/form><\/div>  <!-- .wpforms-container -->\n<hr \/>\n<p>Email: <a href=\"mailto:info@digitalnisebeobrana.cz\">info@digitalnisebeobrana.cz<\/a><\/p>\n","protected":false},"excerpt":{"rendered":"<p>Email: info@digitalnisebeobrana.cz<\/p>\n","protected":false},"author":1,"featured_media":0,"parent":0,"menu_order":0,"comment_status":"closed","ping_status":"closed","template":"","meta":{"_vp_format_video_url":"","_vp_image_focal_point":[],"footnotes":""},"class_list":["post-34","page","type-page","status-publish","hentry"],"translation":{"provider":"WPGlobus","version":"3.0.2","language":"en","enabled_languages":["cs","en"],"languages":{"cs":{"title":true,"content":true,"excerpt":false},"en":{"title":true,"content":true,"excerpt":false}}},"yoast_head":"<!-- This site is optimized with the Yoast SEO plugin v27.5 - https:\/\/yoast.com\/product\/yoast-seo-wordpress\/ -->\n<title>Contact - DIGITAL SELF-DEFENSE<\/title>\n<meta name=\"robots\" content=\"index, follow, max-snippet:-1, max-image-preview:large, max-video-preview:-1\" \/>\n<link rel=\"canonical\" href=\"https:\/\/www.digitalnisebeobrana.cz\/kontakt\/\" \/>\n<meta property=\"og:locale\" content=\"en_US\" \/>\n<meta property=\"og:type\" content=\"article\" \/>\n<meta property=\"og:title\" content=\"Contact - DIGITAL SELF-DEFENSE\" \/>\n<meta property=\"og:url\" content=\"https:\/\/www.digitalnisebeobrana.cz\/kontakt\/\" \/>\n<meta property=\"og:site_name\" content=\"DIGITAL SELF-DEFENSE\" \/>\n<meta property=\"article:publisher\" content=\"https:\/\/www.facebook.com\/digitalnisebeobrana\/\" \/>\n<meta property=\"article:modified_time\" content=\"2025-06-17T13:58:29+00:00\" \/>\n<meta name=\"twitter:card\" content=\"summary_large_image\" \/>\n<meta name=\"twitter:site\" content=\"@sodomak\" \/>\n<meta name=\"twitter:label1\" content=\"Est. reading time\" \/>\n\t<meta name=\"twitter:data1\" content=\"1 minute\" \/>\n<script type=\"application\/ld+json\" class=\"yoast-schema-graph\">{\"@context\":\"https:\\\/\\\/schema.org\",\"@graph\":[{\"@type\":\"WebPage\",\"@id\":\"https:\\\/\\\/www.digitalnisebeobrana.cz\\\/kontakt\\\/\",\"url\":\"https:\\\/\\\/www.digitalnisebeobrana.cz\\\/kontakt\\\/\",\"name\":\"Contact - DIGITAL SELF-DEFENSE\",\"isPartOf\":{\"@id\":\"https:\\\/\\\/www.digitalnisebeobrana.cz\\\/en\\\/#website\"},\"datePublished\":\"2018-05-13T10:18:48+00:00\",\"dateModified\":\"2025-06-17T13:58:29+00:00\",\"breadcrumb\":{\"@id\":\"https:\\\/\\\/www.digitalnisebeobrana.cz\\\/kontakt\\\/#breadcrumb\"},\"inLanguage\":\"en-US\",\"potentialAction\":[{\"@type\":\"ReadAction\",\"target\":[\"https:\\\/\\\/www.digitalnisebeobrana.cz\\\/kontakt\\\/\"]}]},{\"@type\":\"BreadcrumbList\",\"@id\":\"https:\\\/\\\/www.digitalnisebeobrana.cz\\\/kontakt\\\/#breadcrumb\",\"itemListElement\":[{\"@type\":\"ListItem\",\"position\":1,\"name\":\"Home\",\"item\":\"https:\\\/\\\/www.digitalnisebeobrana.cz\\\/en\\\/\"},{\"@type\":\"ListItem\",\"position\":2,\"name\":\"Contact\"}]},{\"@type\":\"WebSite\",\"@id\":\"https:\\\/\\\/www.digitalnisebeobrana.cz\\\/en\\\/#website\",\"url\":\"https:\\\/\\\/www.digitalnisebeobrana.cz\\\/en\\\/\",\"name\":\"DIGITAL SELF-DEFENSE\",\"description\":\"\",\"publisher\":{\"@id\":\"https:\\\/\\\/www.digitalnisebeobrana.cz\\\/en\\\/#\\\/schema\\\/person\\\/e932432719ebfc02a9b05e7b12047736\"},\"potentialAction\":[{\"@type\":\"SearchAction\",\"target\":{\"@type\":\"EntryPoint\",\"urlTemplate\":\"https:\\\/\\\/www.digitalnisebeobrana.cz\\\/en\\\/?s={search_term_string}\"},\"query-input\":{\"@type\":\"PropertyValueSpecification\",\"valueRequired\":true,\"valueName\":\"search_term_string\"}}],\"inLanguage\":\"en-US\"},{\"@type\":[\"Person\",\"Organization\"],\"@id\":\"https:\\\/\\\/www.digitalnisebeobrana.cz\\\/en\\\/#\\\/schema\\\/person\\\/e932432719ebfc02a9b05e7b12047736\",\"name\":\"Milan\",\"image\":{\"@type\":\"ImageObject\",\"inLanguage\":\"en-US\",\"@id\":\"https:\\\/\\\/www.digitalnisebeobrana.cz\\\/wp-content\\\/uploads\\\/2022\\\/01\\\/logo.png\",\"url\":\"https:\\\/\\\/www.digitalnisebeobrana.cz\\\/wp-content\\\/uploads\\\/2022\\\/01\\\/logo.png\",\"contentUrl\":\"https:\\\/\\\/www.digitalnisebeobrana.cz\\\/wp-content\\\/uploads\\\/2022\\\/01\\\/logo.png\",\"width\":613,\"height\":73,\"caption\":\"Milan\"},\"logo\":{\"@id\":\"https:\\\/\\\/www.digitalnisebeobrana.cz\\\/wp-content\\\/uploads\\\/2022\\\/01\\\/logo.png\"},\"description\":\"Jmenuji se Milan P\u016flkr\u00e1bek, pamatuji si po\u010d\u00edta\u010de bez internetu, Internet bez Google a mobiln\u00ed komunikaci bez \u0161ifrov\u00e1n\u00ed. M\u00e1m za sebou v\u00edce ne\u017e dvacet let profesion\u00e1ln\u00ed praxe v IT, p\u0159edn\u00e1\u0161\u00edm a p\u00ed\u0161u \u010dl\u00e1nky o IT bezpe\u010dnosti, kryptom\u011bn\u00e1ch a nov\u00fdch technologi\u00edch. Od roku 2014 jsem sou\u010d\u00e1st\u00ed nezikov\u00e9 organizace Paraleln\u00ed Polis v Praze.\",\"sameAs\":[\"https:\\\/\\\/www.facebook.com\\\/digitalnisebeobrana\\\/\",\"https:\\\/\\\/x.com\\\/sodomak\"]}]}<\/script>\n<!-- \/ Yoast SEO plugin. -->","yoast_head_json":{"title":"Contact - DIGITAL SELF-DEFENSE","robots":{"index":"index","follow":"follow","max-snippet":"max-snippet:-1","max-image-preview":"max-image-preview:large","max-video-preview":"max-video-preview:-1"},"canonical":"https:\/\/www.digitalnisebeobrana.cz\/kontakt\/","og_locale":"en_US","og_type":"article","og_title":"Contact - DIGITAL SELF-DEFENSE","og_url":"https:\/\/www.digitalnisebeobrana.cz\/kontakt\/","og_site_name":"DIGITAL SELF-DEFENSE","article_publisher":"https:\/\/www.facebook.com\/digitalnisebeobrana\/","article_modified_time":"2025-06-17T13:58:29+00:00","twitter_card":"summary_large_image","twitter_site":"@sodomak","twitter_misc":{"Est. reading time":"1 minute"},"schema":{"@context":"https:\/\/schema.org","@graph":[{"@type":"WebPage","@id":"https:\/\/www.digitalnisebeobrana.cz\/kontakt\/","url":"https:\/\/www.digitalnisebeobrana.cz\/kontakt\/","name":"Contact - DIGITAL SELF-DEFENSE","isPartOf":{"@id":"https:\/\/www.digitalnisebeobrana.cz\/en\/#website"},"datePublished":"2018-05-13T10:18:48+00:00","dateModified":"2025-06-17T13:58:29+00:00","breadcrumb":{"@id":"https:\/\/www.digitalnisebeobrana.cz\/kontakt\/#breadcrumb"},"inLanguage":"en-US","potentialAction":[{"@type":"ReadAction","target":["https:\/\/www.digitalnisebeobrana.cz\/kontakt\/"]}]},{"@type":"BreadcrumbList","@id":"https:\/\/www.digitalnisebeobrana.cz\/kontakt\/#breadcrumb","itemListElement":[{"@type":"ListItem","position":1,"name":"Home","item":"https:\/\/www.digitalnisebeobrana.cz\/en\/"},{"@type":"ListItem","position":2,"name":"Contact"}]},{"@type":"WebSite","@id":"https:\/\/www.digitalnisebeobrana.cz\/en\/#website","url":"https:\/\/www.digitalnisebeobrana.cz\/en\/","name":"DIGITAL SELF-DEFENSE","description":"","publisher":{"@id":"https:\/\/www.digitalnisebeobrana.cz\/en\/#\/schema\/person\/e932432719ebfc02a9b05e7b12047736"},"potentialAction":[{"@type":"SearchAction","target":{"@type":"EntryPoint","urlTemplate":"https:\/\/www.digitalnisebeobrana.cz\/en\/?s={search_term_string}"},"query-input":{"@type":"PropertyValueSpecification","valueRequired":true,"valueName":"search_term_string"}}],"inLanguage":"en-US"},{"@type":["Person","Organization"],"@id":"https:\/\/www.digitalnisebeobrana.cz\/en\/#\/schema\/person\/e932432719ebfc02a9b05e7b12047736","name":"Milan","image":{"@type":"ImageObject","inLanguage":"en-US","@id":"https:\/\/www.digitalnisebeobrana.cz\/wp-content\/uploads\/2022\/01\/logo.png","url":"https:\/\/www.digitalnisebeobrana.cz\/wp-content\/uploads\/2022\/01\/logo.png","contentUrl":"https:\/\/www.digitalnisebeobrana.cz\/wp-content\/uploads\/2022\/01\/logo.png","width":613,"height":73,"caption":"Milan"},"logo":{"@id":"https:\/\/www.digitalnisebeobrana.cz\/wp-content\/uploads\/2022\/01\/logo.png"},"description":"Jmenuji se Milan P\u016flkr\u00e1bek, pamatuji si po\u010d\u00edta\u010de bez internetu, Internet bez Google a mobiln\u00ed komunikaci bez \u0161ifrov\u00e1n\u00ed. M\u00e1m za sebou v\u00edce ne\u017e dvacet let profesion\u00e1ln\u00ed praxe v IT, p\u0159edn\u00e1\u0161\u00edm a p\u00ed\u0161u \u010dl\u00e1nky o IT bezpe\u010dnosti, kryptom\u011bn\u00e1ch a nov\u00fdch technologi\u00edch. Od roku 2014 jsem sou\u010d\u00e1st\u00ed nezikov\u00e9 organizace Paraleln\u00ed Polis v Praze.","sameAs":["https:\/\/www.facebook.com\/digitalnisebeobrana\/","https:\/\/x.com\/sodomak"]}]}},"_links":{"self":[{"href":"https:\/\/www.digitalnisebeobrana.cz\/en\/wp-json\/wp\/v2\/pages\/34","targetHints":{"allow":["GET"]}}],"collection":[{"href":"https:\/\/www.digitalnisebeobrana.cz\/en\/wp-json\/wp\/v2\/pages"}],"about":[{"href":"https:\/\/www.digitalnisebeobrana.cz\/en\/wp-json\/wp\/v2\/types\/page"}],"author":[{"embeddable":true,"href":"https:\/\/www.digitalnisebeobrana.cz\/en\/wp-json\/wp\/v2\/users\/1"}],"replies":[{"embeddable":true,"href":"https:\/\/www.digitalnisebeobrana.cz\/en\/wp-json\/wp\/v2\/comments?post=34"}],"version-history":[{"count":26,"href":"https:\/\/www.digitalnisebeobrana.cz\/en\/wp-json\/wp\/v2\/pages\/34\/revisions"}],"predecessor-version":[{"id":2231,"href":"https:\/\/www.digitalnisebeobrana.cz\/en\/wp-json\/wp\/v2\/pages\/34\/revisions\/2231"}],"wp:attachment":[{"href":"https:\/\/www.digitalnisebeobrana.cz\/en\/wp-json\/wp\/v2\/media?parent=34"}],"curies":[{"name":"wp","href":"https:\/\/api.w.org\/{rel}","templated":true}]}}