{"id":2113,"date":"2023-10-21T13:30:08","date_gmt":"2023-10-21T11:30:08","guid":{"rendered":"https:\/\/www.digitalnisebeobrana.cz\/?page_id=2113"},"modified":"2023-10-21T15:03:28","modified_gmt":"2023-10-21T13:03:28","slug":"ttpp","status":"publish","type":"page","link":"https:\/\/www.digitalnisebeobrana.cz\/en\/ttpp\/","title":{"rendered":"ttpp"},"content":{"rendered":"<p>Passphrase<br \/>\npouziti 2FA je&#8230;<\/p>\n\n<hr \/>\n<p>This shortcode will generate an index for your Glossary that will create an indexed page, for all your key terms. [Documentation]<\/p>\n<ul class=\"glossary-cats-list\"><\/ul>\n<hr \/>\n<p>This shortcode will generate a list of your glossary&#8217;s terms. [Documentation]<br \/>\n<ul class=\"glossary-terms-list\"><li><a href=\"https:\/\/www.digitalnisebeobrana.cz\/en\/glossary\/heslo\/\">Password<\/a><\/li><li><a href=\"https:\/\/www.digitalnisebeobrana.cz\/en\/glossary\/2fa\/\">2FA<\/a><\/li><\/ul><\/p>\n","protected":false},"excerpt":{"rendered":"<p>Passphrase pouziti 2FA je&#8230; This shortcode will generate an index for your Glossary that will create an indexed page, for all your key terms. [Documentation] This shortcode will generate a list of your glossary&#8217;s terms. [Documentation]<\/p>\n","protected":false},"author":1,"featured_media":0,"parent":0,"menu_order":0,"comment_status":"closed","ping_status":"closed","template":"","meta":{"_vp_format_video_url":"","_vp_image_focal_point":[],"footnotes":""},"class_list":["post-2113","page","type-page","status-publish","hentry"],"translation":{"provider":"WPGlobus","version":"3.0.2","language":"en","enabled_languages":["cs","en"],"languages":{"cs":{"title":true,"content":true,"excerpt":false},"en":{"title":false,"content":false,"excerpt":false}}},"yoast_head":"<!-- This site is optimized with the Yoast SEO plugin v27.5 - https:\/\/yoast.com\/product\/yoast-seo-wordpress\/ -->\n<title>ttpp - DIGITAL SELF-DEFENSE<\/title>\n<meta name=\"robots\" content=\"index, follow, max-snippet:-1, max-image-preview:large, max-video-preview:-1\" \/>\n<link rel=\"canonical\" href=\"https:\/\/www.digitalnisebeobrana.cz\/ttpp\/\" \/>\n<meta property=\"og:locale\" content=\"en_US\" \/>\n<meta property=\"og:type\" content=\"article\" \/>\n<meta property=\"og:title\" content=\"ttpp - DIGITAL SELF-DEFENSE\" \/>\n<meta property=\"og:url\" content=\"https:\/\/www.digitalnisebeobrana.cz\/ttpp\/\" \/>\n<meta property=\"og:site_name\" content=\"DIGITAL SELF-DEFENSE\" \/>\n<meta property=\"article:publisher\" content=\"https:\/\/www.facebook.com\/digitalnisebeobrana\/\" \/>\n<meta property=\"article:modified_time\" content=\"2023-10-21T13:03:28+00:00\" \/>\n<meta name=\"twitter:card\" content=\"summary_large_image\" \/>\n<meta name=\"twitter:site\" content=\"@sodomak\" \/>\n<meta name=\"twitter:label1\" content=\"Est. reading time\" \/>\n\t<meta name=\"twitter:data1\" content=\"1 minute\" \/>\n<script type=\"application\/ld+json\" class=\"yoast-schema-graph\">{\"@context\":\"https:\\\/\\\/schema.org\",\"@graph\":[{\"@type\":\"WebPage\",\"@id\":\"https:\\\/\\\/www.digitalnisebeobrana.cz\\\/ttpp\\\/\",\"url\":\"https:\\\/\\\/www.digitalnisebeobrana.cz\\\/ttpp\\\/\",\"name\":\"ttpp - DIGITAL SELF-DEFENSE\",\"isPartOf\":{\"@id\":\"https:\\\/\\\/www.digitalnisebeobrana.cz\\\/en\\\/#website\"},\"datePublished\":\"2023-10-21T11:30:08+00:00\",\"dateModified\":\"2023-10-21T13:03:28+00:00\",\"breadcrumb\":{\"@id\":\"https:\\\/\\\/www.digitalnisebeobrana.cz\\\/ttpp\\\/#breadcrumb\"},\"inLanguage\":\"en-US\",\"potentialAction\":[{\"@type\":\"ReadAction\",\"target\":[\"https:\\\/\\\/www.digitalnisebeobrana.cz\\\/ttpp\\\/\"]}]},{\"@type\":\"BreadcrumbList\",\"@id\":\"https:\\\/\\\/www.digitalnisebeobrana.cz\\\/ttpp\\\/#breadcrumb\",\"itemListElement\":[{\"@type\":\"ListItem\",\"position\":1,\"name\":\"Home\",\"item\":\"https:\\\/\\\/www.digitalnisebeobrana.cz\\\/en\\\/\"},{\"@type\":\"ListItem\",\"position\":2,\"name\":\"ttpp\"}]},{\"@type\":\"WebSite\",\"@id\":\"https:\\\/\\\/www.digitalnisebeobrana.cz\\\/en\\\/#website\",\"url\":\"https:\\\/\\\/www.digitalnisebeobrana.cz\\\/en\\\/\",\"name\":\"DIGITAL SELF-DEFENSE\",\"description\":\"\",\"publisher\":{\"@id\":\"https:\\\/\\\/www.digitalnisebeobrana.cz\\\/en\\\/#\\\/schema\\\/person\\\/e932432719ebfc02a9b05e7b12047736\"},\"potentialAction\":[{\"@type\":\"SearchAction\",\"target\":{\"@type\":\"EntryPoint\",\"urlTemplate\":\"https:\\\/\\\/www.digitalnisebeobrana.cz\\\/en\\\/?s={search_term_string}\"},\"query-input\":{\"@type\":\"PropertyValueSpecification\",\"valueRequired\":true,\"valueName\":\"search_term_string\"}}],\"inLanguage\":\"en-US\"},{\"@type\":[\"Person\",\"Organization\"],\"@id\":\"https:\\\/\\\/www.digitalnisebeobrana.cz\\\/en\\\/#\\\/schema\\\/person\\\/e932432719ebfc02a9b05e7b12047736\",\"name\":\"Milan\",\"image\":{\"@type\":\"ImageObject\",\"inLanguage\":\"en-US\",\"@id\":\"https:\\\/\\\/www.digitalnisebeobrana.cz\\\/wp-content\\\/uploads\\\/2022\\\/01\\\/logo.png\",\"url\":\"https:\\\/\\\/www.digitalnisebeobrana.cz\\\/wp-content\\\/uploads\\\/2022\\\/01\\\/logo.png\",\"contentUrl\":\"https:\\\/\\\/www.digitalnisebeobrana.cz\\\/wp-content\\\/uploads\\\/2022\\\/01\\\/logo.png\",\"width\":613,\"height\":73,\"caption\":\"Milan\"},\"logo\":{\"@id\":\"https:\\\/\\\/www.digitalnisebeobrana.cz\\\/wp-content\\\/uploads\\\/2022\\\/01\\\/logo.png\"},\"description\":\"Jmenuji se Milan P\u016flkr\u00e1bek, pamatuji si po\u010d\u00edta\u010de bez internetu, Internet bez Google a mobiln\u00ed komunikaci bez \u0161ifrov\u00e1n\u00ed. M\u00e1m za sebou v\u00edce ne\u017e dvacet let profesion\u00e1ln\u00ed praxe v IT, p\u0159edn\u00e1\u0161\u00edm a p\u00ed\u0161u \u010dl\u00e1nky o IT bezpe\u010dnosti, kryptom\u011bn\u00e1ch a nov\u00fdch technologi\u00edch. Od roku 2014 jsem sou\u010d\u00e1st\u00ed nezikov\u00e9 organizace Paraleln\u00ed Polis v Praze.\",\"sameAs\":[\"https:\\\/\\\/www.facebook.com\\\/digitalnisebeobrana\\\/\",\"https:\\\/\\\/x.com\\\/sodomak\"]}]}<\/script>\n<!-- \/ Yoast SEO plugin. -->","yoast_head_json":{"title":"ttpp - DIGITAL SELF-DEFENSE","robots":{"index":"index","follow":"follow","max-snippet":"max-snippet:-1","max-image-preview":"max-image-preview:large","max-video-preview":"max-video-preview:-1"},"canonical":"https:\/\/www.digitalnisebeobrana.cz\/ttpp\/","og_locale":"en_US","og_type":"article","og_title":"ttpp - DIGITAL SELF-DEFENSE","og_url":"https:\/\/www.digitalnisebeobrana.cz\/ttpp\/","og_site_name":"DIGITAL SELF-DEFENSE","article_publisher":"https:\/\/www.facebook.com\/digitalnisebeobrana\/","article_modified_time":"2023-10-21T13:03:28+00:00","twitter_card":"summary_large_image","twitter_site":"@sodomak","twitter_misc":{"Est. reading time":"1 minute"},"schema":{"@context":"https:\/\/schema.org","@graph":[{"@type":"WebPage","@id":"https:\/\/www.digitalnisebeobrana.cz\/ttpp\/","url":"https:\/\/www.digitalnisebeobrana.cz\/ttpp\/","name":"ttpp - DIGITAL SELF-DEFENSE","isPartOf":{"@id":"https:\/\/www.digitalnisebeobrana.cz\/en\/#website"},"datePublished":"2023-10-21T11:30:08+00:00","dateModified":"2023-10-21T13:03:28+00:00","breadcrumb":{"@id":"https:\/\/www.digitalnisebeobrana.cz\/ttpp\/#breadcrumb"},"inLanguage":"en-US","potentialAction":[{"@type":"ReadAction","target":["https:\/\/www.digitalnisebeobrana.cz\/ttpp\/"]}]},{"@type":"BreadcrumbList","@id":"https:\/\/www.digitalnisebeobrana.cz\/ttpp\/#breadcrumb","itemListElement":[{"@type":"ListItem","position":1,"name":"Home","item":"https:\/\/www.digitalnisebeobrana.cz\/en\/"},{"@type":"ListItem","position":2,"name":"ttpp"}]},{"@type":"WebSite","@id":"https:\/\/www.digitalnisebeobrana.cz\/en\/#website","url":"https:\/\/www.digitalnisebeobrana.cz\/en\/","name":"DIGITAL SELF-DEFENSE","description":"","publisher":{"@id":"https:\/\/www.digitalnisebeobrana.cz\/en\/#\/schema\/person\/e932432719ebfc02a9b05e7b12047736"},"potentialAction":[{"@type":"SearchAction","target":{"@type":"EntryPoint","urlTemplate":"https:\/\/www.digitalnisebeobrana.cz\/en\/?s={search_term_string}"},"query-input":{"@type":"PropertyValueSpecification","valueRequired":true,"valueName":"search_term_string"}}],"inLanguage":"en-US"},{"@type":["Person","Organization"],"@id":"https:\/\/www.digitalnisebeobrana.cz\/en\/#\/schema\/person\/e932432719ebfc02a9b05e7b12047736","name":"Milan","image":{"@type":"ImageObject","inLanguage":"en-US","@id":"https:\/\/www.digitalnisebeobrana.cz\/wp-content\/uploads\/2022\/01\/logo.png","url":"https:\/\/www.digitalnisebeobrana.cz\/wp-content\/uploads\/2022\/01\/logo.png","contentUrl":"https:\/\/www.digitalnisebeobrana.cz\/wp-content\/uploads\/2022\/01\/logo.png","width":613,"height":73,"caption":"Milan"},"logo":{"@id":"https:\/\/www.digitalnisebeobrana.cz\/wp-content\/uploads\/2022\/01\/logo.png"},"description":"Jmenuji se Milan P\u016flkr\u00e1bek, pamatuji si po\u010d\u00edta\u010de bez internetu, Internet bez Google a mobiln\u00ed komunikaci bez \u0161ifrov\u00e1n\u00ed. M\u00e1m za sebou v\u00edce ne\u017e dvacet let profesion\u00e1ln\u00ed praxe v IT, p\u0159edn\u00e1\u0161\u00edm a p\u00ed\u0161u \u010dl\u00e1nky o IT bezpe\u010dnosti, kryptom\u011bn\u00e1ch a nov\u00fdch technologi\u00edch. Od roku 2014 jsem sou\u010d\u00e1st\u00ed nezikov\u00e9 organizace Paraleln\u00ed Polis v Praze.","sameAs":["https:\/\/www.facebook.com\/digitalnisebeobrana\/","https:\/\/x.com\/sodomak"]}]}},"_links":{"self":[{"href":"https:\/\/www.digitalnisebeobrana.cz\/en\/wp-json\/wp\/v2\/pages\/2113","targetHints":{"allow":["GET"]}}],"collection":[{"href":"https:\/\/www.digitalnisebeobrana.cz\/en\/wp-json\/wp\/v2\/pages"}],"about":[{"href":"https:\/\/www.digitalnisebeobrana.cz\/en\/wp-json\/wp\/v2\/types\/page"}],"author":[{"embeddable":true,"href":"https:\/\/www.digitalnisebeobrana.cz\/en\/wp-json\/wp\/v2\/users\/1"}],"replies":[{"embeddable":true,"href":"https:\/\/www.digitalnisebeobrana.cz\/en\/wp-json\/wp\/v2\/comments?post=2113"}],"version-history":[{"count":3,"href":"https:\/\/www.digitalnisebeobrana.cz\/en\/wp-json\/wp\/v2\/pages\/2113\/revisions"}],"predecessor-version":[{"id":2126,"href":"https:\/\/www.digitalnisebeobrana.cz\/en\/wp-json\/wp\/v2\/pages\/2113\/revisions\/2126"}],"wp:attachment":[{"href":"https:\/\/www.digitalnisebeobrana.cz\/en\/wp-json\/wp\/v2\/media?parent=2113"}],"curies":[{"name":"wp","href":"https:\/\/api.w.org\/{rel}","templated":true}]}}