{"id":192,"date":"2018-05-20T21:34:15","date_gmt":"2018-05-20T21:34:15","guid":{"rendered":"https:\/\/www.zaskolit.cz\/?page_id=192"},"modified":"2025-06-17T15:57:10","modified_gmt":"2025-06-17T13:57:10","slug":"cenik","status":"publish","type":"page","link":"https:\/\/www.digitalnisebeobrana.cz\/en\/cenik\/","title":{"rendered":"Price list"},"content":{"rendered":"<h3>Individual consultation <a href=\"\/en\/osobni-konzultace\/\">general IT security<\/a> or <a href=\"\/en\/kryptomeny\/\">secure handling of cryptocurrencies<\/a>:<\/h3>\n<p><strong>5.000<\/strong> CZK \/ hour<\/p>\n<hr \/>\n<h3>Company Consultation:<\/h3>\n<p>Risk identification and prevention, security strategies, penetration testing and more:<strong>individually &#8211; <a href=\"\/en\/kontakt\/\">contact<\/a> <\/strong><\/p>\n<hr \/>\n<p>Travel to a client in the Czech Republic outside Prague: 2.000 CZK \/ day.<\/p>\n<hr \/>\n<p><strong><i>I am not registered as VAT payer.<\/i><\/strong><\/p>\n","protected":false},"excerpt":{"rendered":"<p>Individual consultation general IT security or secure handling of cryptocurrencies: 5.000 CZK \/ hour Company Consultation: Risk identification and prevention, security strategies, penetration testing and more:individually &#8211; contact Travel to a client in the Czech Republic outside Prague: 2.000 CZK \/ day. I am not registered as VAT payer.<\/p>\n","protected":false},"author":1,"featured_media":0,"parent":0,"menu_order":0,"comment_status":"closed","ping_status":"closed","template":"","meta":{"_vp_format_video_url":"","_vp_image_focal_point":[],"footnotes":""},"class_list":["post-192","page","type-page","status-publish","hentry"],"translation":{"provider":"WPGlobus","version":"3.0.2","language":"en","enabled_languages":["cs","en"],"languages":{"cs":{"title":true,"content":true,"excerpt":false},"en":{"title":true,"content":true,"excerpt":false}}},"yoast_head":"<!-- This site is optimized with the Yoast SEO plugin v27.3 - https:\/\/yoast.com\/product\/yoast-seo-wordpress\/ -->\n<title>Price list - DIGITAL SELF-DEFENSE<\/title>\n<meta name=\"robots\" content=\"index, follow, max-snippet:-1, max-image-preview:large, max-video-preview:-1\" \/>\n<link rel=\"canonical\" href=\"https:\/\/www.digitalnisebeobrana.cz\/cenik\/\" \/>\n<meta property=\"og:locale\" content=\"en_US\" \/>\n<meta property=\"og:type\" content=\"article\" \/>\n<meta property=\"og:title\" content=\"Price list - DIGITAL SELF-DEFENSE\" \/>\n<meta property=\"og:url\" content=\"https:\/\/www.digitalnisebeobrana.cz\/cenik\/\" \/>\n<meta property=\"og:site_name\" content=\"DIGITAL SELF-DEFENSE\" \/>\n<meta property=\"article:publisher\" content=\"https:\/\/www.facebook.com\/digitalnisebeobrana\/\" \/>\n<meta property=\"article:modified_time\" content=\"2025-06-17T13:57:10+00:00\" \/>\n<meta name=\"twitter:card\" content=\"summary_large_image\" \/>\n<meta name=\"twitter:site\" content=\"@sodomak\" \/>\n<meta name=\"twitter:label1\" content=\"Est. reading time\" \/>\n\t<meta name=\"twitter:data1\" content=\"1 minute\" \/>\n<script type=\"application\/ld+json\" class=\"yoast-schema-graph\">{\"@context\":\"https:\\\/\\\/schema.org\",\"@graph\":[{\"@type\":\"WebPage\",\"@id\":\"https:\\\/\\\/www.digitalnisebeobrana.cz\\\/cenik\\\/\",\"url\":\"https:\\\/\\\/www.digitalnisebeobrana.cz\\\/cenik\\\/\",\"name\":\"Price list - DIGITAL SELF-DEFENSE\",\"isPartOf\":{\"@id\":\"https:\\\/\\\/www.digitalnisebeobrana.cz\\\/en\\\/#website\"},\"datePublished\":\"2018-05-20T21:34:15+00:00\",\"dateModified\":\"2025-06-17T13:57:10+00:00\",\"breadcrumb\":{\"@id\":\"https:\\\/\\\/www.digitalnisebeobrana.cz\\\/cenik\\\/#breadcrumb\"},\"inLanguage\":\"en-US\",\"potentialAction\":[{\"@type\":\"ReadAction\",\"target\":[\"https:\\\/\\\/www.digitalnisebeobrana.cz\\\/cenik\\\/\"]}]},{\"@type\":\"BreadcrumbList\",\"@id\":\"https:\\\/\\\/www.digitalnisebeobrana.cz\\\/cenik\\\/#breadcrumb\",\"itemListElement\":[{\"@type\":\"ListItem\",\"position\":1,\"name\":\"Home\",\"item\":\"https:\\\/\\\/www.digitalnisebeobrana.cz\\\/en\\\/\"},{\"@type\":\"ListItem\",\"position\":2,\"name\":\"Price list\"}]},{\"@type\":\"WebSite\",\"@id\":\"https:\\\/\\\/www.digitalnisebeobrana.cz\\\/en\\\/#website\",\"url\":\"https:\\\/\\\/www.digitalnisebeobrana.cz\\\/en\\\/\",\"name\":\"DIGITAL SELF-DEFENSE\",\"description\":\"\",\"publisher\":{\"@id\":\"https:\\\/\\\/www.digitalnisebeobrana.cz\\\/en\\\/#\\\/schema\\\/person\\\/e932432719ebfc02a9b05e7b12047736\"},\"potentialAction\":[{\"@type\":\"SearchAction\",\"target\":{\"@type\":\"EntryPoint\",\"urlTemplate\":\"https:\\\/\\\/www.digitalnisebeobrana.cz\\\/en\\\/?s={search_term_string}\"},\"query-input\":{\"@type\":\"PropertyValueSpecification\",\"valueRequired\":true,\"valueName\":\"search_term_string\"}}],\"inLanguage\":\"en-US\"},{\"@type\":[\"Person\",\"Organization\"],\"@id\":\"https:\\\/\\\/www.digitalnisebeobrana.cz\\\/en\\\/#\\\/schema\\\/person\\\/e932432719ebfc02a9b05e7b12047736\",\"name\":\"Milan\",\"image\":{\"@type\":\"ImageObject\",\"inLanguage\":\"en-US\",\"@id\":\"https:\\\/\\\/www.digitalnisebeobrana.cz\\\/wp-content\\\/uploads\\\/2022\\\/01\\\/logo.png\",\"url\":\"https:\\\/\\\/www.digitalnisebeobrana.cz\\\/wp-content\\\/uploads\\\/2022\\\/01\\\/logo.png\",\"contentUrl\":\"https:\\\/\\\/www.digitalnisebeobrana.cz\\\/wp-content\\\/uploads\\\/2022\\\/01\\\/logo.png\",\"width\":613,\"height\":73,\"caption\":\"Milan\"},\"logo\":{\"@id\":\"https:\\\/\\\/www.digitalnisebeobrana.cz\\\/wp-content\\\/uploads\\\/2022\\\/01\\\/logo.png\"},\"description\":\"Jmenuji se Milan P\u016flkr\u00e1bek, pamatuji si po\u010d\u00edta\u010de bez internetu, Internet bez Google a mobiln\u00ed komunikaci bez \u0161ifrov\u00e1n\u00ed. M\u00e1m za sebou v\u00edce ne\u017e dvacet let profesion\u00e1ln\u00ed praxe v IT, p\u0159edn\u00e1\u0161\u00edm a p\u00ed\u0161u \u010dl\u00e1nky o IT bezpe\u010dnosti, kryptom\u011bn\u00e1ch a nov\u00fdch technologi\u00edch. Od roku 2014 jsem sou\u010d\u00e1st\u00ed nezikov\u00e9 organizace Paraleln\u00ed Polis v Praze.\",\"sameAs\":[\"https:\\\/\\\/www.facebook.com\\\/digitalnisebeobrana\\\/\",\"https:\\\/\\\/x.com\\\/sodomak\"]}]}<\/script>\n<!-- \/ Yoast SEO plugin. -->","yoast_head_json":{"title":"Price list - DIGITAL SELF-DEFENSE","robots":{"index":"index","follow":"follow","max-snippet":"max-snippet:-1","max-image-preview":"max-image-preview:large","max-video-preview":"max-video-preview:-1"},"canonical":"https:\/\/www.digitalnisebeobrana.cz\/cenik\/","og_locale":"en_US","og_type":"article","og_title":"Price list - DIGITAL SELF-DEFENSE","og_url":"https:\/\/www.digitalnisebeobrana.cz\/cenik\/","og_site_name":"DIGITAL SELF-DEFENSE","article_publisher":"https:\/\/www.facebook.com\/digitalnisebeobrana\/","article_modified_time":"2025-06-17T13:57:10+00:00","twitter_card":"summary_large_image","twitter_site":"@sodomak","twitter_misc":{"Est. reading time":"1 minute"},"schema":{"@context":"https:\/\/schema.org","@graph":[{"@type":"WebPage","@id":"https:\/\/www.digitalnisebeobrana.cz\/cenik\/","url":"https:\/\/www.digitalnisebeobrana.cz\/cenik\/","name":"Price list - DIGITAL SELF-DEFENSE","isPartOf":{"@id":"https:\/\/www.digitalnisebeobrana.cz\/en\/#website"},"datePublished":"2018-05-20T21:34:15+00:00","dateModified":"2025-06-17T13:57:10+00:00","breadcrumb":{"@id":"https:\/\/www.digitalnisebeobrana.cz\/cenik\/#breadcrumb"},"inLanguage":"en-US","potentialAction":[{"@type":"ReadAction","target":["https:\/\/www.digitalnisebeobrana.cz\/cenik\/"]}]},{"@type":"BreadcrumbList","@id":"https:\/\/www.digitalnisebeobrana.cz\/cenik\/#breadcrumb","itemListElement":[{"@type":"ListItem","position":1,"name":"Home","item":"https:\/\/www.digitalnisebeobrana.cz\/en\/"},{"@type":"ListItem","position":2,"name":"Price list"}]},{"@type":"WebSite","@id":"https:\/\/www.digitalnisebeobrana.cz\/en\/#website","url":"https:\/\/www.digitalnisebeobrana.cz\/en\/","name":"DIGITAL SELF-DEFENSE","description":"","publisher":{"@id":"https:\/\/www.digitalnisebeobrana.cz\/en\/#\/schema\/person\/e932432719ebfc02a9b05e7b12047736"},"potentialAction":[{"@type":"SearchAction","target":{"@type":"EntryPoint","urlTemplate":"https:\/\/www.digitalnisebeobrana.cz\/en\/?s={search_term_string}"},"query-input":{"@type":"PropertyValueSpecification","valueRequired":true,"valueName":"search_term_string"}}],"inLanguage":"en-US"},{"@type":["Person","Organization"],"@id":"https:\/\/www.digitalnisebeobrana.cz\/en\/#\/schema\/person\/e932432719ebfc02a9b05e7b12047736","name":"Milan","image":{"@type":"ImageObject","inLanguage":"en-US","@id":"https:\/\/www.digitalnisebeobrana.cz\/wp-content\/uploads\/2022\/01\/logo.png","url":"https:\/\/www.digitalnisebeobrana.cz\/wp-content\/uploads\/2022\/01\/logo.png","contentUrl":"https:\/\/www.digitalnisebeobrana.cz\/wp-content\/uploads\/2022\/01\/logo.png","width":613,"height":73,"caption":"Milan"},"logo":{"@id":"https:\/\/www.digitalnisebeobrana.cz\/wp-content\/uploads\/2022\/01\/logo.png"},"description":"Jmenuji se Milan P\u016flkr\u00e1bek, pamatuji si po\u010d\u00edta\u010de bez internetu, Internet bez Google a mobiln\u00ed komunikaci bez \u0161ifrov\u00e1n\u00ed. M\u00e1m za sebou v\u00edce ne\u017e dvacet let profesion\u00e1ln\u00ed praxe v IT, p\u0159edn\u00e1\u0161\u00edm a p\u00ed\u0161u \u010dl\u00e1nky o IT bezpe\u010dnosti, kryptom\u011bn\u00e1ch a nov\u00fdch technologi\u00edch. Od roku 2014 jsem sou\u010d\u00e1st\u00ed nezikov\u00e9 organizace Paraleln\u00ed Polis v Praze.","sameAs":["https:\/\/www.facebook.com\/digitalnisebeobrana\/","https:\/\/x.com\/sodomak"]}]}},"_links":{"self":[{"href":"https:\/\/www.digitalnisebeobrana.cz\/en\/wp-json\/wp\/v2\/pages\/192","targetHints":{"allow":["GET"]}}],"collection":[{"href":"https:\/\/www.digitalnisebeobrana.cz\/en\/wp-json\/wp\/v2\/pages"}],"about":[{"href":"https:\/\/www.digitalnisebeobrana.cz\/en\/wp-json\/wp\/v2\/types\/page"}],"author":[{"embeddable":true,"href":"https:\/\/www.digitalnisebeobrana.cz\/en\/wp-json\/wp\/v2\/users\/1"}],"replies":[{"embeddable":true,"href":"https:\/\/www.digitalnisebeobrana.cz\/en\/wp-json\/wp\/v2\/comments?post=192"}],"version-history":[{"count":41,"href":"https:\/\/www.digitalnisebeobrana.cz\/en\/wp-json\/wp\/v2\/pages\/192\/revisions"}],"predecessor-version":[{"id":2234,"href":"https:\/\/www.digitalnisebeobrana.cz\/en\/wp-json\/wp\/v2\/pages\/192\/revisions\/2234"}],"wp:attachment":[{"href":"https:\/\/www.digitalnisebeobrana.cz\/en\/wp-json\/wp\/v2\/media?parent=192"}],"curies":[{"name":"wp","href":"https:\/\/api.w.org\/{rel}","templated":true}]}}